{"id":42,"date":"2023-02-10T18:30:26","date_gmt":"2023-02-10T17:30:26","guid":{"rendered":"http:\/\/heilkunde-samani.de\/?page_id=42"},"modified":"2024-10-11T19:44:59","modified_gmt":"2024-10-11T17:44:59","slug":"kontakt","status":"publish","type":"page","link":"https:\/\/heilkunde-samani.de\/en\/kontakt\/","title":{"rendered":"Contact"},"content":{"rendered":"<div data-elementor-type=\"wp-page\" data-elementor-id=\"42\" class=\"elementor elementor-42\">\n\t\t\t\t\t\t<section class=\"elementor-section elementor-top-section elementor-element elementor-element-2fa7abe elementor-section-height-min-height elementor-section-boxed elementor-section-height-default elementor-section-items-middle\" data-id=\"2fa7abe\" data-element_type=\"section\" data-settings=\"{&quot;background_background&quot;:&quot;classic&quot;,&quot;shape_divider_bottom&quot;:&quot;mountains&quot;,&quot;shape_divider_top&quot;:&quot;opacity-tilt&quot;}\">\n\t\t\t\t\t\t\t<div class=\"elementor-background-overlay\"><\/div>\n\t\t\t\t\t\t<div class=\"elementor-shape elementor-shape-top\" aria-hidden=\"true\" data-negative=\"false\">\n\t\t\t<svg xmlns=\"http:\/\/www.w3.org\/2000\/svg\" viewbox=\"0 0 2600 131.1\" preserveaspectratio=\"none\">\n\t<path class=\"elementor-shape-fill\" d=\"M0 0L2600 0 2600 69.1 0 0z\"\/>\n\t<path class=\"elementor-shape-fill\" style=\"opacity:0.5\" d=\"M0 0L2600 0 2600 69.1 0 69.1z\"\/>\n\t<path class=\"elementor-shape-fill\" style=\"opacity:0.25\" d=\"M2600 0L0 0 0 130.1 2600 69.1z\"\/>\n<\/svg>\t\t<\/div>\n\t\t\t\t<div class=\"elementor-shape elementor-shape-bottom\" aria-hidden=\"true\" data-negative=\"false\">\n\t\t\t<svg xmlns=\"http:\/\/www.w3.org\/2000\/svg\" viewbox=\"0 0 1000 100\" preserveaspectratio=\"none\">\n\t<path class=\"elementor-shape-fill\" opacity=\"0.33\" d=\"M473,67.3c-203.9,88.3-263.1-34-320.3,0C66,119.1,0,59.7,0,59.7V0h1000v59.7 c0,0-62.1,26.1-94.9,29.3c-32.8,3.3-62.8-12.3-75.8-22.1C806,49.6,745.3,8.7,694.9,4.7S492.4,59,473,67.3z\"\/>\n\t<path class=\"elementor-shape-fill\" opacity=\"0.66\" d=\"M734,67.3c-45.5,0-77.2-23.2-129.1-39.1c-28.6-8.7-150.3-10.1-254,39.1 s-91.7-34.4-149.2,0C115.7,118.3,0,39.8,0,39.8V0h1000v36.5c0,0-28.2-18.5-92.1-18.5C810.2,18.1,775.7,67.3,734,67.3z\"\/>\n\t<path class=\"elementor-shape-fill\" d=\"M766.1,28.9c-200-57.5-266,65.5-395.1,19.5C242,1.8,242,5.4,184.8,20.6C128,35.8,132.3,44.9,89.9,52.5C28.6,63.7,0,0,0,0 h1000c0,0-9.9,40.9-83.6,48.1S829.6,47,766.1,28.9z\"\/>\n<\/svg>\t\t<\/div>\n\t\t\t\t\t<div class=\"elementor-container elementor-column-gap-wider\">\n\t\t\t\t\t<div class=\"elementor-column elementor-col-100 elementor-top-column elementor-element elementor-element-3a35e91\" data-id=\"3a35e91\" data-element_type=\"column\">\n\t\t\t<div class=\"elementor-widget-wrap elementor-element-populated\">\n\t\t\t\t\t\t<div class=\"elementor-element elementor-element-e2537fe elementor-invisible elementor-widget elementor-widget-heading\" data-id=\"e2537fe\" data-element_type=\"widget\" data-settings=\"{&quot;_animation&quot;:&quot;fadeInDown&quot;}\" data-widget_type=\"heading.default\">\n\t\t\t\t<div class=\"elementor-widget-container\">\n\t\t\t\t\t<h1 class=\"elementor-heading-title elementor-size-default\">Contact<\/h1>\t\t\t\t<\/div>\n\t\t\t\t<\/div>\n\t\t\t\t\t<\/div>\n\t\t<\/div>\n\t\t\t\t\t<\/div>\n\t\t<\/section>\n\t\t\t\t<section class=\"elementor-section elementor-top-section elementor-element elementor-element-28f0b5b elementor-section-boxed elementor-section-height-default elementor-section-height-default\" data-id=\"28f0b5b\" data-element_type=\"section\">\n\t\t\t\t\t\t<div class=\"elementor-container elementor-column-gap-default\">\n\t\t\t\t\t<div class=\"elementor-column elementor-col-100 elementor-top-column elementor-element elementor-element-f289056\" data-id=\"f289056\" data-element_type=\"column\">\n\t\t\t<div class=\"elementor-widget-wrap elementor-element-populated\">\n\t\t\t\t\t\t<div class=\"elementor-element elementor-element-b25b6cd elementor-widget elementor-widget-heading\" data-id=\"b25b6cd\" data-element_type=\"widget\" data-widget_type=\"heading.default\">\n\t\t\t\t<div class=\"elementor-widget-container\">\n\t\t\t\t\t<h2 class=\"elementor-heading-title elementor-size-default\">Kontakt &amp; Anfahrt\u200b<\/h2>\t\t\t\t<\/div>\n\t\t\t\t<\/div>\n\t\t\t\t<div class=\"elementor-element elementor-element-8c6a5a0 elementor-widget elementor-widget-text-editor\" data-id=\"8c6a5a0\" data-element_type=\"widget\" data-widget_type=\"text-editor.default\">\n\t\t\t\t<div class=\"elementor-widget-container\">\n\t\t\t\t\t\t\t\t\t<p>Rufen Sie mich bei Fragen oder Anliegen gerne an oder nehmen Sie per <span style=\"text-decoration: underline;\"><a href=\"mailto:praxis@heilkunde-samani.de\">Email<\/a><\/span> Kontakt zu mir auf. <span style=\"text-decoration: underline;\"><a href=\"https:\/\/heilkunde-samani.de\/en\/praxis-termine\/\">Termine k\u00f6nnen Sie auch online vereinbaren<\/a><\/span>.<\/p>\t\t\t\t\t\t\t\t<\/div>\n\t\t\t\t<\/div>\n\t\t\t\t<div class=\"elementor-element elementor-element-33ee727 elementor-widget elementor-widget-shortcode\" data-id=\"33ee727\" data-element_type=\"widget\" data-widget_type=\"shortcode.default\">\n\t\t\t\t<div class=\"elementor-widget-container\">\n\t\t\t\t\t\t\t<div class=\"elementor-shortcode\"><a href=\"https:\/\/my.lemniscus.de\/pss\/9f948dc4-124c-4436-9997-fbf0572698d2\" style=\"display:flex;text-align:center;background-color:#9EAA26;color:#ffffff;font-size:14px;overflow:hidden;font-family:Helvetica, sans-serif;box-sizing:border-box;align-items:center;padding:0 19px;z-index:1000;height:48px;text-decoration:none;position:fixed;bottom:16px;right:16px;border-bottom-left-radius:none;border-bottom-right-radius:none;border-top-left-radius:4px;border-top-right-radius:4px;border-top-left-radius: 22px;border-top-right-radius: 0px;border-bottom-right-radius: 22px;border-bottom-left-radius: 0px;\" target=\"_blank\"> <span style=\"color: #EFEBE0; font-weight: bold;\">Book Appointment<\/span><\/a>\n<\/div>\n\t\t\t\t\t\t<\/div>\n\t\t\t\t<\/div>\n\t\t\t\t<section class=\"elementor-section elementor-inner-section elementor-element elementor-element-c34c396 elementor-section-content-middle elementor-section-boxed elementor-section-height-default elementor-section-height-default\" data-id=\"c34c396\" data-element_type=\"section\">\n\t\t\t\t\t\t<div class=\"elementor-container elementor-column-gap-wider\">\n\t\t\t\t\t<div class=\"elementor-column elementor-col-50 elementor-inner-column elementor-element elementor-element-c4db98f\" data-id=\"c4db98f\" data-element_type=\"column\">\n\t\t\t<div class=\"elementor-widget-wrap elementor-element-populated\">\n\t\t\t\t\t\t<div class=\"elementor-element elementor-element-bbb92f7 elementor-invisible elementor-widget elementor-widget-google_maps\" data-id=\"bbb92f7\" data-element_type=\"widget\" data-settings=\"{&quot;_animation&quot;:&quot;fadeIn&quot;}\" data-widget_type=\"google_maps.default\">\n\t\t\t\t<div class=\"elementor-widget-container\">\n\t\t\t\t\t\t\t<div class=\"elementor-custom-embed\">\n\t\t\t<iframe loading=\"lazy\"\n\t\t\t\t\tsrc=\"https:\/\/maps.google.com\/maps?q=Praxis%20Isabella%20Samani&#038;t=m&#038;z=12&#038;output=embed&#038;iwloc=near\"\n\t\t\t\t\ttitle=\"Practice Isabella Samani\"\n\t\t\t\t\taria-label=\"Practice Isabella Samani\"\n\t\t\t><\/iframe>\n\t\t<\/div>\n\t\t\t\t\t\t<\/div>\n\t\t\t\t<\/div>\n\t\t\t\t\t<\/div>\n\t\t<\/div>\n\t\t\t\t<div class=\"elementor-column elementor-col-50 elementor-inner-column elementor-element elementor-element-955f59d\" data-id=\"955f59d\" data-element_type=\"column\">\n\t\t\t<div class=\"elementor-widget-wrap elementor-element-populated\">\n\t\t\t\t\t\t<div class=\"elementor-element elementor-element-782a150 elementor-widget elementor-widget-text-editor\" data-id=\"782a150\" data-element_type=\"widget\" data-widget_type=\"text-editor.default\">\n\t\t\t\t<div class=\"elementor-widget-container\">\n\t\t\t\t\t\t\t\t\t<div><p class=\"p1\"><span class=\"s1\"><b>Address:<\/b><br \/>Isabella Samani<br \/>c\/o sinnVoll Zentrum f\u00fcr Gesundheit<br \/>Menzinger Stra\u00dfe 68<br \/>80992 Munich<\/span><\/p><p class=\"p1\"><span class=\"s1\"><b>Email: <\/b><\/span><span class=\"s2\"><a href=\"mailto:praxis@heilkunde-samani.de\"><span style=\"text-decoration: underline;\">praxis@heilkunde-samani.de<\/span><\/a><\/span><\/p><p class=\"p1\"><span class=\"s1\"><b>Phone: <\/b>0178 \/ 811 56 75<\/span><\/p><\/div>\t\t\t\t\t\t\t\t<\/div>\n\t\t\t\t<\/div>\n\t\t\t\t<div class=\"elementor-element elementor-element-c41ebc2 elementor-mobile-align-center elementor-widget__width-initial elementor-align-left elementor-widget elementor-widget-button\" data-id=\"c41ebc2\" data-element_type=\"widget\" data-widget_type=\"button.default\">\n\t\t\t\t<div class=\"elementor-widget-container\">\n\t\t\t\t\t\t\t\t\t<div class=\"elementor-button-wrapper\">\n\t\t\t\t\t<a class=\"elementor-button elementor-button-link elementor-size-md elementor-animation-shrink\" href=\"https:\/\/heilkunde-samani.de\/en\/praxis-termine\/#sprechzeiten\">\n\t\t\t\t\t\t<span class=\"elementor-button-content-wrapper\">\n\t\t\t\t\t\t\t\t\t<span class=\"elementor-button-text\">to the consultation hours<\/span>\n\t\t\t\t\t<\/span>\n\t\t\t\t\t<\/a>\n\t\t\t\t<\/div>\n\t\t\t\t\t\t\t\t<\/div>\n\t\t\t\t<\/div>\n\t\t\t\t<div class=\"elementor-element elementor-element-adfdb3c elementor-widget elementor-widget-text-editor\" data-id=\"adfdb3c\" data-element_type=\"widget\" data-widget_type=\"text-editor.default\">\n\t\t\t\t<div class=\"elementor-widget-container\">\n\t\t\t\t\t\t\t\t\t<div><p class=\"p1\"><span class=\"s1\">Die Praxis befindet sich gleich am Nymphenburger Schlosspark, im 1. Stock ohne Aufzug.<\/span><\/p><p class=\"p1\"><span class=\"s1\">Parkpl\u00e4tze in der Umgebung sind vorhanden. \u00dcberdachte Fahrradabstellpl\u00e4tze im hinteren Teil des Praxisgel\u00e4ndes vorhanden.<br \/><strong>Bus 162<\/strong> \u2013 Halt Tannenweg, 1 Min. zu Fu\u00df<br \/><\/span><strong>Bus 158<\/strong> \u2013 Halt Amalienburgstra\u00dfe, 4 Min. zu Fu\u00df<br \/><strong>Tram 17 &amp; Bus 180<\/strong> \u2013 Halt Amalienburgstra\u00dfe, 5 Min. zu Fu\u00df<\/p><\/div>\t\t\t\t\t\t\t\t<\/div>\n\t\t\t\t<\/div>\n\t\t\t\t\t<\/div>\n\t\t<\/div>\n\t\t\t\t\t<\/div>\n\t\t<\/section>\n\t\t\t\t\t<\/div>\n\t\t<\/div>\n\t\t\t\t\t<\/div>\n\t\t<\/section>\n\t\t\t\t<section class=\"elementor-section elementor-top-section elementor-element elementor-element-e14e916 elementor-section-boxed elementor-section-height-default elementor-section-height-default\" data-id=\"e14e916\" data-element_type=\"section\">\n\t\t\t\t\t\t<div class=\"elementor-container elementor-column-gap-default\">\n\t\t\t\t\t<div class=\"elementor-column elementor-col-100 elementor-top-column elementor-element elementor-element-84f5432\" data-id=\"84f5432\" data-element_type=\"column\">\n\t\t\t<div class=\"elementor-widget-wrap elementor-element-populated\">\n\t\t\t\t\t\t<div class=\"elementor-element elementor-element-d46f5ac elementor-align-center elementor-mobile-align-center elementor-widget elementor-widget-button\" data-id=\"d46f5ac\" data-element_type=\"widget\" data-widget_type=\"button.default\">\n\t\t\t\t<div class=\"elementor-widget-container\">\n\t\t\t\t\t\t\t\t\t<div class=\"elementor-button-wrapper\">\n\t\t\t\t\t<a class=\"elementor-button elementor-button-link elementor-size-lg elementor-animation-shrink\" href=\"https:\/\/heilkunde-samani.de\/en\/newsletter\/\">\n\t\t\t\t\t\t<span class=\"elementor-button-content-wrapper\">\n\t\t\t\t\t\t\t\t\t<span class=\"elementor-button-text\">Subscribe to Newsletter (in German)<\/span>\n\t\t\t\t\t<\/span>\n\t\t\t\t\t<\/a>\n\t\t\t\t<\/div>\n\t\t\t\t\t\t\t\t<\/div>\n\t\t\t\t<\/div>\n\t\t\t\t\t<\/div>\n\t\t<\/div>\n\t\t\t\t\t<\/div>\n\t\t<\/section>\n\t\t\t\t<section class=\"elementor-section elementor-top-section elementor-element elementor-element-9042601 elementor-section-height-min-height elementor-section-items-bottom elementor-section-content-bottom elementor-section-boxed elementor-section-height-default\" data-id=\"9042601\" data-element_type=\"section\" data-settings=\"{&quot;background_background&quot;:&quot;classic&quot;,&quot;shape_divider_top&quot;:&quot;mountains&quot;}\">\n\t\t\t\t\t\t\t<div class=\"elementor-background-overlay\"><\/div>\n\t\t\t\t\t\t<div class=\"elementor-shape elementor-shape-top\" aria-hidden=\"true\" data-negative=\"false\">\n\t\t\t<svg xmlns=\"http:\/\/www.w3.org\/2000\/svg\" viewbox=\"0 0 1000 100\" preserveaspectratio=\"none\">\n\t<path class=\"elementor-shape-fill\" opacity=\"0.33\" d=\"M473,67.3c-203.9,88.3-263.1-34-320.3,0C66,119.1,0,59.7,0,59.7V0h1000v59.7 c0,0-62.1,26.1-94.9,29.3c-32.8,3.3-62.8-12.3-75.8-22.1C806,49.6,745.3,8.7,694.9,4.7S492.4,59,473,67.3z\"\/>\n\t<path class=\"elementor-shape-fill\" opacity=\"0.66\" d=\"M734,67.3c-45.5,0-77.2-23.2-129.1-39.1c-28.6-8.7-150.3-10.1-254,39.1 s-91.7-34.4-149.2,0C115.7,118.3,0,39.8,0,39.8V0h1000v36.5c0,0-28.2-18.5-92.1-18.5C810.2,18.1,775.7,67.3,734,67.3z\"\/>\n\t<path class=\"elementor-shape-fill\" d=\"M766.1,28.9c-200-57.5-266,65.5-395.1,19.5C242,1.8,242,5.4,184.8,20.6C128,35.8,132.3,44.9,89.9,52.5C28.6,63.7,0,0,0,0 h1000c0,0-9.9,40.9-83.6,48.1S829.6,47,766.1,28.9z\"\/>\n<\/svg>\t\t<\/div>\n\t\t\t\t\t<div class=\"elementor-container elementor-column-gap-default\">\n\t\t\t\t\t<div class=\"elementor-column elementor-col-100 elementor-top-column elementor-element elementor-element-bad303d\" data-id=\"bad303d\" data-element_type=\"column\">\n\t\t\t<div class=\"elementor-widget-wrap elementor-element-populated\">\n\t\t\t\t\t\t<div class=\"elementor-element elementor-element-71435eb elementor-widget elementor-widget-text-editor\" data-id=\"71435eb\" data-element_type=\"widget\" data-widget_type=\"text-editor.default\">\n\t\t\t\t<div class=\"elementor-widget-container\">\n\t\t\t\t\t\t\t\t\t<p><a href=\"https:\/\/heilkunde-samani.de\/en\/impressum\/\">Imprint<\/a><\/p>\t\t\t\t\t\t\t\t<\/div>\n\t\t\t\t<\/div>\n\t\t\t\t<div class=\"elementor-element elementor-element-8e08268 elementor-widget elementor-widget-text-editor\" data-id=\"8e08268\" data-element_type=\"widget\" data-widget_type=\"text-editor.default\">\n\t\t\t\t<div class=\"elementor-widget-container\">\n\t\t\t\t\t\t\t\t\t<p><a href=\"https:\/\/heilkunde-samani.de\/en\/datenschutz\/\">Privacy Policy<\/a><\/p>\t\t\t\t\t\t\t\t<\/div>\n\t\t\t\t<\/div>\n\t\t\t\t<div class=\"elementor-element elementor-element-0f751be elementor-widget elementor-widget-text-editor\" data-id=\"0f751be\" data-element_type=\"widget\" data-widget_type=\"text-editor.default\">\n\t\t\t\t<div class=\"elementor-widget-container\">\n\t\t\t\t\t\t\t\t\t<p><a href=\"mailto:praxis@heilkunde-samani.de\">praxis@heilkunde-samani.de<\/a><\/p>\t\t\t\t\t\t\t\t<\/div>\n\t\t\t\t<\/div>\n\t\t\t\t\t<\/div>\n\t\t<\/div>\n\t\t\t\t\t<\/div>\n\t\t<\/section>\n\t\t\t\t<\/div>","protected":false},"excerpt":{"rendered":"<p>Kontakt Kontakt &amp; Anfahrt\u200b Rufen Sie mich bei Fragen oder Anliegen gerne an oder nehmen Sie per Email Kontakt zu mir auf. Termine k\u00f6nnen Sie auch online vereinbaren. Termin buchen Adresse:Isabella Samanic\/o sinnVoll Zentrum f\u00fcr GesundheitMenzinger Stra\u00dfe 6880992 M\u00fcnchen Email: praxis@heilkunde-samani.de Telefon: 0178 \/ 811 56 75 zu den Sprechzeiten Die Praxis befindet sich gleich [&hellip;]<\/p>","protected":false},"author":1,"featured_media":2133,"parent":0,"menu_order":0,"comment_status":"closed","ping_status":"closed","template":"","meta":{"ocean_post_layout":"full-screen","ocean_both_sidebars_style":"","ocean_both_sidebars_content_width":0,"ocean_both_sidebars_sidebars_width":0,"ocean_sidebar":"0","ocean_second_sidebar":"0","ocean_disable_margins":"enable","ocean_add_body_class":"","ocean_shortcode_before_top_bar":"","ocean_shortcode_after_top_bar":"","ocean_shortcode_before_header":"","ocean_shortcode_after_header":"","ocean_has_shortcode":"","ocean_shortcode_after_title":"","ocean_shortcode_before_footer_widgets":"","ocean_shortcode_after_footer_widgets":"","ocean_shortcode_before_footer_bottom":"","ocean_shortcode_after_footer_bottom":"","ocean_display_top_bar":"off","ocean_display_header":"default","ocean_header_style":"","ocean_center_header_left_menu":"0","ocean_custom_header_template":"0","ocean_custom_logo":0,"ocean_custom_retina_logo":0,"ocean_custom_logo_max_width":0,"ocean_custom_logo_tablet_max_width":0,"ocean_custom_logo_mobile_max_width":0,"ocean_custom_logo_max_height":0,"ocean_custom_logo_tablet_max_height":0,"ocean_custom_logo_mobile_max_height":0,"ocean_header_custom_menu":"0","ocean_menu_typo_font_family":"0","ocean_menu_typo_font_subset":"","ocean_menu_typo_font_size":0,"ocean_menu_typo_font_size_tablet":0,"ocean_menu_typo_font_size_mobile":0,"ocean_menu_typo_font_size_unit":"px","ocean_menu_typo_font_weight":"","ocean_menu_typo_font_weight_tablet":"","ocean_menu_typo_font_weight_mobile":"","ocean_menu_typo_transform":"","ocean_menu_typo_transform_tablet":"","ocean_menu_typo_transform_mobile":"","ocean_menu_typo_line_height":0,"ocean_menu_typo_line_height_tablet":0,"ocean_menu_typo_line_height_mobile":0,"ocean_menu_typo_line_height_unit":"","ocean_menu_typo_spacing":0,"ocean_menu_typo_spacing_tablet":0,"ocean_menu_typo_spacing_mobile":0,"ocean_menu_typo_spacing_unit":"","ocean_menu_link_color":"","ocean_menu_link_color_hover":"","ocean_menu_link_color_active":"","ocean_menu_link_background":"","ocean_menu_link_hover_background":"","ocean_menu_link_active_background":"","ocean_menu_social_links_bg":"","ocean_menu_social_hover_links_bg":"","ocean_menu_social_links_color":"","ocean_menu_social_hover_links_color":"","ocean_disable_title":"on","ocean_disable_heading":"default","ocean_post_title":"","ocean_post_subheading":"","ocean_post_title_style":"","ocean_post_title_background_color":"","ocean_post_title_background":0,"ocean_post_title_bg_image_position":"","ocean_post_title_bg_image_attachment":"","ocean_post_title_bg_image_repeat":"","ocean_post_title_bg_image_size":"","ocean_post_title_height":0,"ocean_post_title_bg_overlay":0.5,"ocean_post_title_bg_overlay_color":"","ocean_disable_breadcrumbs":"default","ocean_breadcrumbs_color":"","ocean_breadcrumbs_separator_color":"","ocean_breadcrumbs_links_color":"","ocean_breadcrumbs_links_hover_color":"","ocean_display_footer_widgets":"off","ocean_display_footer_bottom":"off","ocean_custom_footer_template":"0","footnotes":""},"class_list":["post-42","page","type-page","status-publish","has-post-thumbnail","hentry","entry","has-media"],"yoast_head":"<!-- This site is optimized with the Yoast SEO plugin v26.4 - https:\/\/yoast.com\/wordpress\/plugins\/seo\/ -->\n<title>Kontakt - Praxis f\u00fcr Naturheilkunde in M\u00fcnchen<\/title>\n<meta name=\"description\" content=\"Kontakt: 0178 \/ 811 56 75. Die Praxis von Heilpraktikerin Isabella Samani befindet sich in Obermenzing, gleich am Nymphenburger Schlosspark.\" \/>\n<meta name=\"robots\" content=\"index, follow, max-snippet:-1, max-image-preview:large, max-video-preview:-1\" \/>\n<link rel=\"canonical\" href=\"https:\/\/heilkunde-samani.de\/en\/kontakt\/\" \/>\n<meta property=\"og:locale\" content=\"en_GB\" \/>\n<meta property=\"og:type\" content=\"article\" \/>\n<meta property=\"og:title\" content=\"Kontakt - Praxis f\u00fcr Naturheilkunde in M\u00fcnchen\" \/>\n<meta property=\"og:description\" content=\"Kontakt: 0178 \/ 811 56 75. Die Praxis von Heilpraktikerin Isabella Samani befindet sich in Obermenzing, gleich am Nymphenburger Schlosspark.\" \/>\n<meta property=\"og:url\" content=\"https:\/\/heilkunde-samani.de\/en\/kontakt\/\" \/>\n<meta property=\"og:site_name\" content=\"Praxis f\u00fcr Naturheilkunde in M\u00fcnchen\" \/>\n<meta property=\"article:modified_time\" content=\"2024-10-11T17:44:59+00:00\" \/>\n<meta property=\"og:image\" content=\"http:\/\/heilkunde-samani.de\/wp-content\/uploads\/2023\/06\/Praxis-fuer-Naturheilkunde-Isabella-Samani-Heilpraktikerin-Muenchen-Kontakt.jpg\" \/>\n\t<meta property=\"og:image:width\" content=\"747\" \/>\n\t<meta property=\"og:image:height\" content=\"720\" \/>\n\t<meta property=\"og:image:type\" content=\"image\/jpeg\" \/>\n<meta name=\"twitter:card\" content=\"summary_large_image\" \/>\n<meta name=\"twitter:label1\" content=\"Estimated reading time\" \/>\n\t<meta name=\"twitter:data1\" content=\"1 minute\" \/>\n<script type=\"application\/ld+json\" class=\"yoast-schema-graph\">{\"@context\":\"https:\/\/schema.org\",\"@graph\":[{\"@type\":[\"WebPage\",\"ContactPage\"],\"@id\":\"https:\/\/heilkunde-samani.de\/kontakt\/\",\"url\":\"https:\/\/heilkunde-samani.de\/kontakt\/\",\"name\":\"Kontakt - Praxis f\u00fcr Naturheilkunde in M\u00fcnchen\",\"isPartOf\":{\"@id\":\"https:\/\/heilkunde-samani.de\/#website\"},\"primaryImageOfPage\":{\"@id\":\"https:\/\/heilkunde-samani.de\/kontakt\/#primaryimage\"},\"image\":{\"@id\":\"https:\/\/heilkunde-samani.de\/kontakt\/#primaryimage\"},\"thumbnailUrl\":\"https:\/\/heilkunde-samani.de\/wp-content\/uploads\/2023\/06\/Praxis-fuer-Naturheilkunde-Isabella-Samani-Heilpraktikerin-Muenchen-Kontakt.jpg\",\"datePublished\":\"2023-02-10T17:30:26+00:00\",\"dateModified\":\"2024-10-11T17:44:59+00:00\",\"description\":\"Kontakt: 0178 \/ 811 56 75. Die Praxis von Heilpraktikerin Isabella Samani befindet sich in Obermenzing, gleich am Nymphenburger Schlosspark.\",\"breadcrumb\":{\"@id\":\"https:\/\/heilkunde-samani.de\/kontakt\/#breadcrumb\"},\"inLanguage\":\"en-GB\",\"potentialAction\":[{\"@type\":\"ReadAction\",\"target\":[\"https:\/\/heilkunde-samani.de\/kontakt\/\"]}]},{\"@type\":\"ImageObject\",\"inLanguage\":\"en-GB\",\"@id\":\"https:\/\/heilkunde-samani.de\/kontakt\/#primaryimage\",\"url\":\"https:\/\/heilkunde-samani.de\/wp-content\/uploads\/2023\/06\/Praxis-fuer-Naturheilkunde-Isabella-Samani-Heilpraktikerin-Muenchen-Kontakt.jpg\",\"contentUrl\":\"https:\/\/heilkunde-samani.de\/wp-content\/uploads\/2023\/06\/Praxis-fuer-Naturheilkunde-Isabella-Samani-Heilpraktikerin-Muenchen-Kontakt.jpg\",\"width\":747,\"height\":720,\"caption\":\"Bildhintergrund: Lindenbl\u00fcten & Lindenbl\u00e4tter; Text: Kontakt; Praxis Isabella Samani\"},{\"@type\":\"BreadcrumbList\",\"@id\":\"https:\/\/heilkunde-samani.de\/kontakt\/#breadcrumb\",\"itemListElement\":[{\"@type\":\"ListItem\",\"position\":1,\"name\":\"Startseite\",\"item\":\"https:\/\/heilkunde-samani.de\/\"},{\"@type\":\"ListItem\",\"position\":2,\"name\":\"Kontakt\"}]},{\"@type\":\"WebSite\",\"@id\":\"https:\/\/heilkunde-samani.de\/#website\",\"url\":\"https:\/\/heilkunde-samani.de\/\",\"name\":\"Praxis f\u00fcr Naturheilkunde in M\u00fcnchen\",\"description\":\"Heilpraktikerin Isabella Samani\",\"potentialAction\":[{\"@type\":\"SearchAction\",\"target\":{\"@type\":\"EntryPoint\",\"urlTemplate\":\"https:\/\/heilkunde-samani.de\/?s={search_term_string}\"},\"query-input\":{\"@type\":\"PropertyValueSpecification\",\"valueRequired\":true,\"valueName\":\"search_term_string\"}}],\"inLanguage\":\"en-GB\"}]}<\/script>\n<!-- \/ Yoast SEO plugin. -->","yoast_head_json":{"title":"Kontakt - Praxis f\u00fcr Naturheilkunde in M\u00fcnchen","description":"Kontakt: 0178 \/ 811 56 75. Die Praxis von Heilpraktikerin Isabella Samani befindet sich in Obermenzing, gleich am Nymphenburger Schlosspark.","robots":{"index":"index","follow":"follow","max-snippet":"max-snippet:-1","max-image-preview":"max-image-preview:large","max-video-preview":"max-video-preview:-1"},"canonical":"https:\/\/heilkunde-samani.de\/en\/kontakt\/","og_locale":"en_GB","og_type":"article","og_title":"Kontakt - Praxis f\u00fcr Naturheilkunde in M\u00fcnchen","og_description":"Kontakt: 0178 \/ 811 56 75. Die Praxis von Heilpraktikerin Isabella Samani befindet sich in Obermenzing, gleich am Nymphenburger Schlosspark.","og_url":"https:\/\/heilkunde-samani.de\/en\/kontakt\/","og_site_name":"Praxis f\u00fcr Naturheilkunde in M\u00fcnchen","article_modified_time":"2024-10-11T17:44:59+00:00","og_image":[{"width":747,"height":720,"url":"http:\/\/heilkunde-samani.de\/wp-content\/uploads\/2023\/06\/Praxis-fuer-Naturheilkunde-Isabella-Samani-Heilpraktikerin-Muenchen-Kontakt.jpg","type":"image\/jpeg"}],"twitter_card":"summary_large_image","twitter_misc":{"Estimated reading time":"1 minute"},"schema":{"@context":"https:\/\/schema.org","@graph":[{"@type":["WebPage","ContactPage"],"@id":"https:\/\/heilkunde-samani.de\/kontakt\/","url":"https:\/\/heilkunde-samani.de\/kontakt\/","name":"Kontakt - Praxis f\u00fcr Naturheilkunde in M\u00fcnchen","isPartOf":{"@id":"https:\/\/heilkunde-samani.de\/#website"},"primaryImageOfPage":{"@id":"https:\/\/heilkunde-samani.de\/kontakt\/#primaryimage"},"image":{"@id":"https:\/\/heilkunde-samani.de\/kontakt\/#primaryimage"},"thumbnailUrl":"https:\/\/heilkunde-samani.de\/wp-content\/uploads\/2023\/06\/Praxis-fuer-Naturheilkunde-Isabella-Samani-Heilpraktikerin-Muenchen-Kontakt.jpg","datePublished":"2023-02-10T17:30:26+00:00","dateModified":"2024-10-11T17:44:59+00:00","description":"Kontakt: 0178 \/ 811 56 75. Die Praxis von Heilpraktikerin Isabella Samani befindet sich in Obermenzing, gleich am Nymphenburger Schlosspark.","breadcrumb":{"@id":"https:\/\/heilkunde-samani.de\/kontakt\/#breadcrumb"},"inLanguage":"en-GB","potentialAction":[{"@type":"ReadAction","target":["https:\/\/heilkunde-samani.de\/kontakt\/"]}]},{"@type":"ImageObject","inLanguage":"en-GB","@id":"https:\/\/heilkunde-samani.de\/kontakt\/#primaryimage","url":"https:\/\/heilkunde-samani.de\/wp-content\/uploads\/2023\/06\/Praxis-fuer-Naturheilkunde-Isabella-Samani-Heilpraktikerin-Muenchen-Kontakt.jpg","contentUrl":"https:\/\/heilkunde-samani.de\/wp-content\/uploads\/2023\/06\/Praxis-fuer-Naturheilkunde-Isabella-Samani-Heilpraktikerin-Muenchen-Kontakt.jpg","width":747,"height":720,"caption":"Bildhintergrund: Lindenbl\u00fcten & Lindenbl\u00e4tter; Text: Kontakt; Praxis Isabella Samani"},{"@type":"BreadcrumbList","@id":"https:\/\/heilkunde-samani.de\/kontakt\/#breadcrumb","itemListElement":[{"@type":"ListItem","position":1,"name":"Startseite","item":"https:\/\/heilkunde-samani.de\/"},{"@type":"ListItem","position":2,"name":"Kontakt"}]},{"@type":"WebSite","@id":"https:\/\/heilkunde-samani.de\/#website","url":"https:\/\/heilkunde-samani.de\/","name":"Praxis f\u00fcr Naturheilkunde in M\u00fcnchen","description":"Heilpraktikerin Isabella Samani","potentialAction":[{"@type":"SearchAction","target":{"@type":"EntryPoint","urlTemplate":"https:\/\/heilkunde-samani.de\/?s={search_term_string}"},"query-input":{"@type":"PropertyValueSpecification","valueRequired":true,"valueName":"search_term_string"}}],"inLanguage":"en-GB"}]}},"_links":{"self":[{"href":"https:\/\/heilkunde-samani.de\/en\/wp-json\/wp\/v2\/pages\/42","targetHints":{"allow":["GET"]}}],"collection":[{"href":"https:\/\/heilkunde-samani.de\/en\/wp-json\/wp\/v2\/pages"}],"about":[{"href":"https:\/\/heilkunde-samani.de\/en\/wp-json\/wp\/v2\/types\/page"}],"author":[{"embeddable":true,"href":"https:\/\/heilkunde-samani.de\/en\/wp-json\/wp\/v2\/users\/1"}],"replies":[{"embeddable":true,"href":"https:\/\/heilkunde-samani.de\/en\/wp-json\/wp\/v2\/comments?post=42"}],"version-history":[{"count":11,"href":"https:\/\/heilkunde-samani.de\/en\/wp-json\/wp\/v2\/pages\/42\/revisions"}],"predecessor-version":[{"id":3396,"href":"https:\/\/heilkunde-samani.de\/en\/wp-json\/wp\/v2\/pages\/42\/revisions\/3396"}],"wp:featuredmedia":[{"embeddable":true,"href":"https:\/\/heilkunde-samani.de\/en\/wp-json\/wp\/v2\/media\/2133"}],"wp:attachment":[{"href":"https:\/\/heilkunde-samani.de\/en\/wp-json\/wp\/v2\/media?parent=42"}],"curies":[{"name":"wp","href":"https:\/\/api.w.org\/{rel}","templated":true}]}}